{"id":26,"date":"2013-10-10T10:10:49","date_gmt":"2013-10-10T08:10:49","guid":{"rendered":"https:\/\/jaeggischreinerei.ch\/cms\/?page_id=26"},"modified":"2013-11-04T11:39:55","modified_gmt":"2013-11-04T10:39:55","slug":"renovation-umbau","status":"publish","type":"page","link":"https:\/\/jaeggischreinerei.ch\/?page_id=26","title":{"rendered":"Renovation \/ Umbau"},"content":{"rendered":"<div class=\" one-half first\">Wir lieben Holz. Und wir sorgen daf\u00fcr, dass es Ihnen auch so geht.<\/p>\n<p>Im Bereich Renovation \/ Umbau bieten wir Ihnen alles aus einer Hand, von der Beratung \u00fcber die Planung bis zur Ausf\u00fchrung von individuellen L\u00f6sungen und Spezialanfertigungen:<\/p>\n<ul>\n<li>Fenster \/ Dachfenster: Holz, Metall oder Kunststoff inkl. Insektenschutz (Fliegengitter)<\/li>\n<li>Fensterl\u00e4den \/ Jalousien: Holz oder Aluminium<\/li>\n<li>T\u00fcren<\/li>\n<li>Einbaum\u00f6bel<\/li>\n<li>K\u00fcche \/ Bad<\/li>\n<li>Decken und Wandverkleidungen<\/li>\n<li>Terrassendeck<\/li>\n<\/ul>\n<p>Gerne arbeiten wir auch im Auftrag Ihres Architekten.<\/div>\n<div class=\" one-half\">Unser Dienstleistungsangebot im Bereich Renovation \/ Umbau:<\/p>\n<ul>\n<li>Beratung<\/li>\n<li>Visualisierung<\/li>\n<li>Teil- \/ Gesamtplanung<\/li>\n<li>Produktion und Montage<\/li>\n<li>Einbau, Umbau und Anpassung<\/li>\n<li>Ausf\u00fchrung und Installation vor Ort<\/li>\n<li>Beizug und Koordination zus\u00e4tzlicher Handwerker<\/li>\n<li>Reparaturservice<\/li>\n<li>Glasbruch- \/ Glasersatzservice<\/li>\n<\/ul>\n<p>Bitte <a href=\"https:\/\/jaeggischreinerei.ch\/kontakt\/\">kontaktieren<\/a> Sie uns f\u00fcr eine pers\u00f6nliche Beratung.<\/div>\n","protected":false},"excerpt":{"rendered":"","protected":false},"author":3,"featured_media":0,"parent":0,"menu_order":2,"comment_status":"closed","ping_status":"closed","template":"","meta":[],"_links":{"self":[{"href":"https:\/\/jaeggischreinerei.ch\/index.php?rest_route=\/wp\/v2\/pages\/26"}],"collection":[{"href":"https:\/\/jaeggischreinerei.ch\/index.php?rest_route=\/wp\/v2\/pages"}],"about":[{"href":"https:\/\/jaeggischreinerei.ch\/index.php?rest_route=\/wp\/v2\/types\/page"}],"author":[{"embeddable":true,"href":"https:\/\/jaeggischreinerei.ch\/index.php?rest_route=\/wp\/v2\/users\/3"}],"replies":[{"embeddable":true,"href":"https:\/\/jaeggischreinerei.ch\/index.php?rest_route=%2Fwp%2Fv2%2Fcomments&post=26"}],"version-history":[{"count":28,"href":"https:\/\/jaeggischreinerei.ch\/index.php?rest_route=\/wp\/v2\/pages\/26\/revisions"}],"predecessor-version":[{"id":493,"href":"https:\/\/jaeggischreinerei.ch\/index.php?rest_route=\/wp\/v2\/pages\/26\/revisions\/493"}],"wp:attachment":[{"href":"https:\/\/jaeggischreinerei.ch\/index.php?rest_route=%2Fwp%2Fv2%2Fmedia&parent=26"}],"curies":[{"name":"wp","href":"https:\/\/api.w.org\/{rel}","templated":true}]}}