{"id":29,"date":"2013-10-10T10:10:28","date_gmt":"2013-10-10T08:10:28","guid":{"rendered":"https:\/\/jaeggischreinerei.ch\/cms\/?page_id=29"},"modified":"2013-11-04T23:58:55","modified_gmt":"2013-11-04T22:58:55","slug":"moebel-restauration","status":"publish","type":"page","link":"https:\/\/jaeggischreinerei.ch\/?page_id=29","title":{"rendered":"M\u00f6bel \/ Restauration"},"content":{"rendered":"<div class=\" one-half first\">Wir lieben Holz. Und wir sorgen daf\u00fcr, dass es Ihnen auch so geht.<\/p>\n<p>Im Bereich M\u00f6bel bieten wir Ihnen alles aus einer Hand, von der Beratung \u00fcber den Entwurf bis zur Ausf\u00fchrung Ihrer Ideen und Vorstellungen in Massivholz, Furnier, Glas, Stein, Linol und Corian:<\/p>\n<ul>\n<li>Tische, St\u00fchle und Eckb\u00e4nke<\/li>\n<li>Schr\u00e4nke und Regale<\/li>\n<li>Sideboards und Ablagen<\/li>\n<li>K\u00fcchenm\u00f6bel \/ Badm\u00f6bel<\/li>\n<li>Garderoben<\/li>\n<li>Theken<\/li>\n<\/ul>\n<p><\/div>\n<div class=\" one-half\">Unser Dienstleistungsangebot im Bereich M\u00f6bel \/ Restauration:<\/p>\n<ul>\n<li>Beratung<\/li>\n<li>Entwurf und Visualisierung<\/li>\n<li>Neuanfertigung nach Mass<\/li>\n<li>Teil- und Ganzrestauration<\/li>\n<li>Oberfl\u00e4chenbehandlung<\/li>\n<li>Instandstellung \/ Reparaturservice<\/li>\n<li>Glasbruch- \/ Glasersatzservice<\/li>\n<\/ul>\n<p>Bitte <a href=\"https:\/\/jaeggischreinerei.ch\/kontakt\/\">kontaktieren<\/a> Sie uns f\u00fcr eine pers\u00f6nliche Beratung.<\/div>\n","protected":false},"excerpt":{"rendered":"","protected":false},"author":3,"featured_media":0,"parent":0,"menu_order":3,"comment_status":"closed","ping_status":"closed","template":"","meta":[],"_links":{"self":[{"href":"https:\/\/jaeggischreinerei.ch\/index.php?rest_route=\/wp\/v2\/pages\/29"}],"collection":[{"href":"https:\/\/jaeggischreinerei.ch\/index.php?rest_route=\/wp\/v2\/pages"}],"about":[{"href":"https:\/\/jaeggischreinerei.ch\/index.php?rest_route=\/wp\/v2\/types\/page"}],"author":[{"embeddable":true,"href":"https:\/\/jaeggischreinerei.ch\/index.php?rest_route=\/wp\/v2\/users\/3"}],"replies":[{"embeddable":true,"href":"https:\/\/jaeggischreinerei.ch\/index.php?rest_route=%2Fwp%2Fv2%2Fcomments&post=29"}],"version-history":[{"count":24,"href":"https:\/\/jaeggischreinerei.ch\/index.php?rest_route=\/wp\/v2\/pages\/29\/revisions"}],"predecessor-version":[{"id":505,"href":"https:\/\/jaeggischreinerei.ch\/index.php?rest_route=\/wp\/v2\/pages\/29\/revisions\/505"}],"wp:attachment":[{"href":"https:\/\/jaeggischreinerei.ch\/index.php?rest_route=%2Fwp%2Fv2%2Fmedia&parent=29"}],"curies":[{"name":"wp","href":"https:\/\/api.w.org\/{rel}","templated":true}]}}