{"id":31,"date":"2013-10-10T10:10:42","date_gmt":"2013-10-10T08:10:42","guid":{"rendered":"https:\/\/jaeggischreinerei.ch\/cms\/?page_id=31"},"modified":"2013-11-04T11:36:54","modified_gmt":"2013-11-04T10:36:54","slug":"innenausbau-schiff","status":"publish","type":"page","link":"https:\/\/jaeggischreinerei.ch\/?page_id=31","title":{"rendered":"Innenausbau Schiff"},"content":{"rendered":"<div class=\" one-half first\">Wir lieben Holz. Und wir sorgen daf\u00fcr, dass es Ihnen auch so geht.<\/p>\n<p>Im Bereich Innenausbau Schiff bieten wir Ihnen alles aus einer Hand, von der kompetenten Beratung \u00fcber Spezialanfertigungen bis zur Ausf\u00fchrung vor Ort oder in eigener Werkstatt (H\u00f6he bis 4.20m, Breite bis 3.80m, Kran bis 2t):<\/p>\n<ul>\n<li>Fensterluken<\/li>\n<li>Einbaum\u00f6bel und Ablagen<\/li>\n<li>Pantry \/ Spezialeinbauten<\/li>\n<li>Stabdeck: Teak oder Kork<\/li>\n<\/ul>\n<p><\/div>\n<div class=\" one-half\">Unser Dienstleistungsangebot im Bereich Innenausbau Schiff:<\/p>\n<ul>\n<li>Beratung<\/li>\n<li>Visualisierung<\/li>\n<li>Neuanfertigung<\/li>\n<li>Einbau und Umbau<\/li>\n<li>Inneneinrichtung<\/li>\n<li>Ausf\u00fchrung und Installation vor Ort oder in eigener Werkstatt<\/li>\n<li>Reparaturservice innen und aussen<\/li>\n<\/ul>\n<p>Bitte <a href=\"https:\/\/jaeggischreinerei.ch\/kontakt\/\">kontaktieren<\/a> Sie uns f\u00fcr eine pers\u00f6nliche Beratung.<\/div>\n","protected":false},"excerpt":{"rendered":"","protected":false},"author":3,"featured_media":0,"parent":0,"menu_order":4,"comment_status":"closed","ping_status":"closed","template":"","meta":[],"_links":{"self":[{"href":"https:\/\/jaeggischreinerei.ch\/index.php?rest_route=\/wp\/v2\/pages\/31"}],"collection":[{"href":"https:\/\/jaeggischreinerei.ch\/index.php?rest_route=\/wp\/v2\/pages"}],"about":[{"href":"https:\/\/jaeggischreinerei.ch\/index.php?rest_route=\/wp\/v2\/types\/page"}],"author":[{"embeddable":true,"href":"https:\/\/jaeggischreinerei.ch\/index.php?rest_route=\/wp\/v2\/users\/3"}],"replies":[{"embeddable":true,"href":"https:\/\/jaeggischreinerei.ch\/index.php?rest_route=%2Fwp%2Fv2%2Fcomments&post=31"}],"version-history":[{"count":23,"href":"https:\/\/jaeggischreinerei.ch\/index.php?rest_route=\/wp\/v2\/pages\/31\/revisions"}],"predecessor-version":[{"id":489,"href":"https:\/\/jaeggischreinerei.ch\/index.php?rest_route=\/wp\/v2\/pages\/31\/revisions\/489"}],"wp:attachment":[{"href":"https:\/\/jaeggischreinerei.ch\/index.php?rest_route=%2Fwp%2Fv2%2Fmedia&parent=31"}],"curies":[{"name":"wp","href":"https:\/\/api.w.org\/{rel}","templated":true}]}}